{"id":3,"date":"2024-03-17T18:25:09","date_gmt":"2024-03-17T18:25:09","guid":{"rendered":"http:\/\/blogmotocompo.live-website.com\/?page_id=3"},"modified":"2024-03-21T21:12:25","modified_gmt":"2024-03-21T21:12:25","slug":"privacy-policy","status":"publish","type":"page","link":"https:\/\/blogmotocompo.com\/en\/privacy-policy","title":{"rendered":"Pol\u00edtica de privacidad"},"content":{"rendered":"<p class=\"has-large-font-size\"><strong>Pol\u00edtica de Privacidad<\/strong><\/p>\n\n\n\n<p>Fecha de entrada en vigor: 01\/01\/2024<\/p>\n\n\n\n<p>Esta Pol\u00edtica de Privacidad describe c\u00f3mo blog motocompo el sitio web recopila, utiliza y comparte la informaci\u00f3n personal de los visitantes (usuarios) de blog motocompo (en adelante, \u00abel Sitio\u00bb).<\/p>\n\n\n\n<p class=\"has-large-font-size\"><strong>Recopilaci\u00f3n y Uso de la Informaci\u00f3n<\/strong><\/p>\n\n\n\n<p>Recopilamos cierta informaci\u00f3n personal de los usuarios cuando estos visitan nuestro Sitio, se registran en nuestro bolet\u00edn de noticias, comentan en una publicaci\u00f3n o llenan un formulario. La informaci\u00f3n que recopilamos puede incluir el nombre, la direcci\u00f3n de correo electr\u00f3nico y otra informaci\u00f3n que los usuarios proporcionen voluntariamente.<\/p>\n\n\n\n<p>Utilizamos la informaci\u00f3n personal recopilada para los siguientes prop\u00f3sitos:<\/p>\n\n\n\n<ul class=\"wp-block-list\">\n<li>Para personalizar la experiencia del usuario y proporcionar contenido relevante.<\/li>\n\n\n\n<li>Para mejorar nuestro Sitio en funci\u00f3n de los comentarios que recibimos de los usuarios.<\/li>\n\n\n\n<li>Para enviar correos electr\u00f3nicos peri\u00f3dicos con noticias, actualizaciones u otra informaci\u00f3n relacionada con el blog. Los usuarios pueden optar por no recibir estos correos electr\u00f3nicos en cualquier momento siguiendo las instrucciones de cancelaci\u00f3n de suscripci\u00f3n que se incluyen en cada correo electr\u00f3nico.<\/li>\n<\/ul>\n\n\n\n<p class=\"has-large-font-size\"><strong>Protecci\u00f3n de la Informaci\u00f3n<\/strong><\/p>\n\n\n\n<p>Nos comprometemos a mantener la seguridad de la informaci\u00f3n personal de los usuarios. Implementamos medidas de seguridad adecuadas para proteger contra el acceso no autorizado, la alteraci\u00f3n, la divulgaci\u00f3n o la destrucci\u00f3n de informaci\u00f3n personal.<\/p>\n\n\n\n<p class=\"has-large-font-size\"><strong>Divulgaci\u00f3n de Informaci\u00f3n a Terceros<\/strong><\/p>\n\n\n\n<p>No vendemos, intercambiamos ni transferimos de ninguna manera la informaci\u00f3n personal de los usuarios a terceros. Esto no incluye terceros de confianza que nos ayudan a operar nuestro Sitio o a llevar a cabo nuestro negocio, siempre y cuando estas partes se comprometan a mantener la confidencialidad de la informaci\u00f3n.<\/p>\n\n\n\n<p class=\"has-large-font-size\"><strong>Consentimiento<\/strong><\/p>\n\n\n\n<p>Al utilizar nuestro Sitio, el usuario acepta nuestra Pol\u00edtica de Privacidad y los t\u00e9rminos y condiciones de uso.<\/p>\n\n\n\n<p class=\"has-large-font-size\"><strong>Cambios en la Pol\u00edtica de Privacidad<\/strong><\/p>\n\n\n\n<p>Nos reservamos el derecho de actualizar esta Pol\u00edtica de Privacidad en cualquier momento. Se alentar\u00e1 a los usuarios a revisar esta p\u00e1gina peri\u00f3dicamente para estar al tanto de cualquier cambio.<\/p>\n\n\n\n<p class=\"has-large-font-size\"><strong>Contacto<\/strong><\/p>\n\n\n\n<p>Si los usuarios tienen alguna pregunta sobre esta Pol\u00edtica de Privacidad o sobre las pr\u00e1cticas de nuestro Sitio, pueden ponerse en contacto con nosotros en info@undergroundshop.net.<\/p>\n\n\n\n<h2 class=\"wp-block-heading has-large-font-size\">Comentarios<\/h2>\n\n\n\n<p>En cumplimiento de lo dispuesto en el Reglamento Europeo 2016\/679 General de Protecci\u00f3n de Datos y la Ley org\u00e1nica 3\/2018 de Protecci\u00f3n de Datos Personales y Garant\u00eda de Derechos Digitales, le informamos que, dependiendo de la relaci\u00f3n que tenga con nosotros, tratamos los datos que nos facilita como correo electr\u00f3nico, nombre de usuario para poder comentar en la publicaciones.<\/p>\n\n\n\n<h2 class=\"wp-block-heading\">Media<\/h2>\n\n\n\n<p>Todos los documentos gr\u00e1ficos y audiovisuales pertenecen a mi persona a nivel particular, en caso de ser difundidas sin mi consentimiento se acudir\u00e1 al proceso legal que sea requerido por las autoridades correspondiente.<\/p>\n\n\n\n<h2 class=\"wp-block-heading\">Cookies<\/h2>\n\n\n\n<p>Utilizamos el almacenamiento local de datos para una serie de fines, tales como: permitirnos realizar nuestros servicios; aportarte contenido pertinente, personalizado cuando visites nuestros sitios web; medir y analizar el tr\u00e1fico en nuestro sitio web; mejorar nuestros servicios; y dirigir publicidad espec\u00edfica. A continuaci\u00f3n, se ofrecen m\u00e1s detalles sobre estos temas:<\/p>\n\n\n\n<p>Para nuestra publicidad. Utilizamos el almacenamiento local de datos en relaci\u00f3n a las actividades publicitarias. Esto nos permite saber si y con frecuencia el usuario ha visto un anuncio o determinado tipo de anuncio, y cu\u00e1nto tiempo hace que lo vio.<br>Tambi\u00e9n utilizamos el almacenamiento local de datos para construir segmentos y grupos objetivo con fines de marketing y para dirigir anuncios espec\u00edficos.<br>Para analizar y mejorar nuestros servicios. Utilizamos diversas herramientas de medici\u00f3n que nos proporcionan estad\u00edsticas y an\u00e1lisis relativos a nuestros servicios. Estas herramientas nos permiten reconocer el navegador web a lo largo del tiempo y averiguar si el usuario ha visitado el sitio web anteriormente y si es as\u00ed con qu\u00e9 frecuencia. Estas herramientas nos ofrecen la posibilidad de conseguir una visi\u00f3n general de cu\u00e1ntos usuarios \u00fanicos tenemos y c\u00f3mo utilizan nuestros servicios.<br>Asimismo utilizamos la informaci\u00f3n que hemos recogido y analizado para desarrollar y mejorar nuestros servicios; por ejemplo, averiguando qu\u00e9 servicios generan mucho tr\u00e1fico o viendo si un servicio est\u00e1 funcionando de forma \u00f3ptima.<br>Para entregar y adaptar los servicios a su uso. Se requiere y es necesario el almacenamiento local de datos con el fin de permitirte utilizar nuestros servicios, tales como informaci\u00f3n sobre su configuraci\u00f3n, que nos dice c\u00f3mo deben presentarse los servicios en tu navegador web.<br>Tambi\u00e9n utilizamos el almacenamiento local de datos para adaptar nuestros servicios a su uso lo mejor posible.<\/p>\n\n\n\n<p><\/p>\n\n\n\n<p><\/p>","protected":false},"excerpt":{"rendered":"<p>Pol\u00edtica de Privacidad Fecha de entrada en vigor: 01\/01\/2024 Esta Pol\u00edtica de Privacidad describe c\u00f3mo blog motocompo el sitio web recopila, utiliza y comparte la informaci\u00f3n personal de los visitantes&hellip;<\/p>","protected":false},"author":1,"featured_media":0,"parent":0,"menu_order":0,"comment_status":"closed","ping_status":"open","template":"","meta":{"footnotes":""},"class_list":["post-3","page","type-page","status-publish","hentry"],"_links":{"self":[{"href":"https:\/\/blogmotocompo.com\/en\/wp-json\/wp\/v2\/pages\/3","targetHints":{"allow":["GET"]}}],"collection":[{"href":"https:\/\/blogmotocompo.com\/en\/wp-json\/wp\/v2\/pages"}],"about":[{"href":"https:\/\/blogmotocompo.com\/en\/wp-json\/wp\/v2\/types\/page"}],"author":[{"embeddable":true,"href":"https:\/\/blogmotocompo.com\/en\/wp-json\/wp\/v2\/users\/1"}],"replies":[{"embeddable":true,"href":"https:\/\/blogmotocompo.com\/en\/wp-json\/wp\/v2\/comments?post=3"}],"version-history":[{"count":6,"href":"https:\/\/blogmotocompo.com\/en\/wp-json\/wp\/v2\/pages\/3\/revisions"}],"predecessor-version":[{"id":63,"href":"https:\/\/blogmotocompo.com\/en\/wp-json\/wp\/v2\/pages\/3\/revisions\/63"}],"wp:attachment":[{"href":"https:\/\/blogmotocompo.com\/en\/wp-json\/wp\/v2\/media?parent=3"}],"curies":[{"name":"wp","href":"https:\/\/api.w.org\/{rel}","templated":true}]}}