{"id":2,"date":"2024-03-17T18:25:09","date_gmt":"2024-03-17T18:25:09","guid":{"rendered":"http:\/\/blogmotocompo.live-website.com\/?page_id=2"},"modified":"2024-05-05T08:38:38","modified_gmt":"2024-05-05T08:38:38","slug":"sample-page","status":"publish","type":"page","link":"https:\/\/blogmotocompo.com\/en\/sample-page","title":{"rendered":"Presentaci\u00f3n"},"content":{"rendered":"<p>Bienvenidos al blog personal sobre la restauraci\u00f3n y an\u00e9cdotas de mi moto Honda Motocompo del 1982<\/p>\n\n\n\n<blockquote class=\"wp-block-quote is-layout-flow wp-block-quote-is-layout-flow\">\n<p>Me llamo Adri\u00e0 Jord\u00e0, soy de Barcelona, aficionado al mundo del motor y especialmente atra\u00eddo por la marca Honda, desde joven ya inici\u00e9 mis primeros kil\u00f3metros con un Civic EG4 del 1992, con el que me fascino la conducci\u00f3n y sensaciones que transmit\u00eda el coche. <\/p>\n<\/blockquote>\n\n\n\n<p>&#8230;unos a\u00f1os m\u00e1s tarde&#8230;.<\/p>\n\n\n\n<blockquote class=\"wp-block-quote is-layout-flow wp-block-quote-is-layout-flow\">\n<p>Una tarde de un fin de semana del mes de septiembre del 2014, navegada en una de las web de compra y venta de ocasi\u00f3n de Espa\u00f1a, milanuncios, vi una Honda un poco especial, un modelo que desconoc\u00eda en ese momento, Honda Motocompo, sal\u00eda en el anuncio un anime que protagonizaba la moto conjuntamente con un Honda City, me pareci\u00f3 curioso. Investigue y me pareci\u00f3 un buen proyecto, la moto estaba en muy mal estado por lo que se apreciaba en las fotos y tenia el primer problema, la moto se encontraba en las islas baleares, concretamente en Mallorca.<\/p>\n<\/blockquote>\n\n\n\n<p>Este fue el inicio de unos de los proyectos que m\u00e1s me ha gustado realizar, desconectado del d\u00eda a d\u00eda, en este blog os comentar\u00e9 paso a paso como hice todo el proceso, con descripciones y fotograf\u00edas para que sea m\u00e1s ameno de leer.<\/p>\n\n\n\n<p>Para que no sea muy denso seccionar\u00e9 cada parte por categor\u00edas \ud83d\ude42<\/p>","protected":false},"excerpt":{"rendered":"<p>Bienvenidos al blog personal sobre la restauraci\u00f3n y an\u00e9cdotas de mi moto Honda Motocompo del 1982 Me llamo Adri\u00e0 Jord\u00e0, soy de Barcelona, aficionado al mundo del motor y especialmente&hellip;<\/p>","protected":false},"author":1,"featured_media":0,"parent":0,"menu_order":0,"comment_status":"closed","ping_status":"open","template":"","meta":{"footnotes":""},"class_list":["post-2","page","type-page","status-publish","hentry"],"_links":{"self":[{"href":"https:\/\/blogmotocompo.com\/en\/wp-json\/wp\/v2\/pages\/2","targetHints":{"allow":["GET"]}}],"collection":[{"href":"https:\/\/blogmotocompo.com\/en\/wp-json\/wp\/v2\/pages"}],"about":[{"href":"https:\/\/blogmotocompo.com\/en\/wp-json\/wp\/v2\/types\/page"}],"author":[{"embeddable":true,"href":"https:\/\/blogmotocompo.com\/en\/wp-json\/wp\/v2\/users\/1"}],"replies":[{"embeddable":true,"href":"https:\/\/blogmotocompo.com\/en\/wp-json\/wp\/v2\/comments?post=2"}],"version-history":[{"count":5,"href":"https:\/\/blogmotocompo.com\/en\/wp-json\/wp\/v2\/pages\/2\/revisions"}],"predecessor-version":[{"id":105,"href":"https:\/\/blogmotocompo.com\/en\/wp-json\/wp\/v2\/pages\/2\/revisions\/105"}],"wp:attachment":[{"href":"https:\/\/blogmotocompo.com\/en\/wp-json\/wp\/v2\/media?parent=2"}],"curies":[{"name":"wp","href":"https:\/\/api.w.org\/{rel}","templated":true}]}}